{"id":223007,"date":"2024-06-30T20:03:01","date_gmt":"2024-06-30T20:03:01","guid":{"rendered":"https:\/\/consigli.company\/real-estate-and-environment\/"},"modified":"2024-07-17T17:24:46","modified_gmt":"2024-07-17T17:24:46","slug":"real-estate-and-environment","status":"publish","type":"page","link":"https:\/\/consigli.company\/en\/real-estate-and-environment\/","title":{"rendered":"REAL ESTATE AND ENVIRONMENT"},"content":{"rendered":"<p>[et_pb_section fb_built=&#8221;1&#8243; next_background_color=&#8221;#ffffff&#8221; admin_label=&#8221;Hero&#8221; _builder_version=&#8221;4.25.0&#8243; use_background_color_gradient=&#8221;on&#8221; background_color_gradient_direction=&#8221;70deg&#8221; background_color_gradient_stops=&#8221;#283d4b 0%|rgba(128,103,79,0.5) 100%&#8221; background_color_gradient_overlays_image=&#8221;on&#8221; background_color_gradient_start=&#8221;#283d4b&#8221; background_color_gradient_end=&#8221;rgba(128,103,79,0.5)&#8221; background_image=&#8221;https:\/\/consigli.company\/wp-content\/uploads\/2024\/07\/inmobiliario-scaled.jpg&#8221; parallax=&#8221;on&#8221; min_height=&#8221;441.5px&#8221; custom_margin=&#8221;||-3px|||&#8221; custom_padding=&#8221;0vw||0px|||&#8221; bottom_divider_style=&#8221;slant&#8221; bottom_divider_height=&#8221;20vw&#8221; bottom_divider_repeat=&#8221;0.5x&#8221; bottom_divider_flip=&#8221;horizontal|vertical&#8221; global_colors_info=&#8221;{}&#8221;][et_pb_row _builder_version=&#8221;4.16&#8243; custom_margin=&#8221;|||&#8221; custom_padding=&#8221;27px|0px|0|0px|false|false&#8221; global_colors_info=&#8221;{}&#8221;][et_pb_column type=&#8221;4_4&#8243; _builder_version=&#8221;4.16&#8243; custom_padding=&#8221;|||&#8221; global_colors_info=&#8221;{}&#8221; custom_padding__hover=&#8221;|||&#8221;][et_pb_text _builder_version=&#8221;4.25.0&#8243; text_font=&#8221;||||||||&#8221; header_font=&#8221;|700|||||||&#8221; header_font_size=&#8221;46px&#8221; header_line_height=&#8221;1.4em&#8221; header_2_font=&#8221;||||||||&#8221; header_2_text_color=&#8221;rgba(255,255,255,0.6)&#8221; header_2_font_size=&#8221;85px&#8221; header_2_line_height=&#8221;1.4em&#8221; background_layout=&#8221;dark&#8221; custom_margin=&#8221;50px|||||&#8221; custom_padding=&#8221;||3px|||&#8221; animation_style=&#8221;slide&#8221; animation_direction=&#8221;right&#8221; animation_intensity_slide=&#8221;4%&#8221; header_font_size_tablet=&#8221;50px&#8221; header_font_size_phone=&#8221;32px&#8221; header_font_size_last_edited=&#8221;on|desktop&#8221; header_2_font_size_tablet=&#8221;&#8221; header_2_font_size_phone=&#8221;24px&#8221; header_2_font_size_last_edited=&#8221;on|phone&#8221; global_colors_info=&#8221;{}&#8221;]<\/p>\n<h1><strong>REAL ESTATE AND ENVIRONMENT<\/strong><\/h1>\n<p>[\/et_pb_text][\/et_pb_column][\/et_pb_row][\/et_pb_section][et_pb_section fb_built=&#8221;1&#8243; admin_label=&#8221;About Us&#8221; _builder_version=&#8221;4.16&#8243; global_colors_info=&#8221;{}&#8221;][et_pb_row _builder_version=&#8221;4.16&#8243; _module_preset=&#8221;default&#8221; global_colors_info=&#8221;{}&#8221;][et_pb_column type=&#8221;4_4&#8243; _builder_version=&#8221;4.16&#8243; _module_preset=&#8221;default&#8221; global_colors_info=&#8221;{}&#8221;][et_pb_text _builder_version=&#8221;4.25.0&#8243; _module_preset=&#8221;default&#8221; text_orientation=&#8221;justified&#8221; custom_margin=&#8221;||29px|||&#8221; global_colors_info=&#8221;{}&#8221;]<\/p>\n<p><strong>CONSIGLI<\/strong> has advised different clients in the creation, acquisition or leasing of different types of real estate and real estate projects in the Salvadoran market. The advice provided remains at the forefront with new opportunities through new laws that facilitate the financing of real estate projects.<\/p>\n<p>[\/et_pb_text][et_pb_text _builder_version=&#8221;4.25.0&#8243; _module_preset=&#8221;default&#8221; text_text_color=&#8221;#2e4b51&#8243; text_orientation=&#8221;justified&#8221; custom_margin=&#8221;|-142px||||&#8221; custom_margin_tablet=&#8221;|0px|||false|false&#8221; custom_margin_phone=&#8221;|0px|||false|false&#8221; custom_margin_last_edited=&#8221;on|desktop&#8221; custom_padding=&#8221;|0px||||&#8221; global_colors_info=&#8221;{}&#8221;]<\/p>\n<p style=\"text-align: left;\"><strong>Our services :<\/strong><\/p>\n<ul>\n<li class=\"li1\">Aseguramiento de viviendas y financiamiento de viviendas<\/li>\n<li class=\"li1\">Asesoramiento legal para el cumplimiento del marco regulatorio a nivel municipal y nivel de Pa\u00eds en materia ambiental<\/li>\n<li class=\"li1\">Asesor\u00eda en materia urban\u00edstica, financiera, tributaria, planeaci\u00f3n, desarrollo y administraci\u00f3n sobre proyectos inmobiliarios<\/li>\n<li class=\"li1\">Asesor\u00eda en Tokenizaciones y Titularizaciones<\/li>\n<li class=\"li1\">Asuntos de Mercado de Capitales y Fiscalizaci\u00f3n<\/li>\n<li class=\"li1\">Contratos de construcci\u00f3n<\/li>\n<li class=\"li1\">Desarrollo de propiedades horizontales, corporativos, tur\u00edsticos y condominios inmobiliarios incluyendo la elaboraci\u00f3n de sus respectivos reglamentos<\/li>\n<li class=\"li1\">Explotaci\u00f3n de Recursos Naturales<\/li>\n<li class=\"li1\">Formalizaci\u00f3n de Convenios entre el cliente, Alcald\u00edas y Organizaciones de inter\u00e9s social u otro tercero interesado<\/li>\n<li class=\"li1\">Gesti\u00f3n Anti-Lavado de Dinero en operaciones inmobiliarias<\/li>\n<li class=\"li1\">Gesti\u00f3n completa de Estudios de Impacto Medio Ambientales<\/li>\n<li class=\"li1\">Gesti\u00f3n completa en la explotaci\u00f3n de recursos h\u00eddricos, tratamientos de aguas y residuos.<\/li>\n<li class=\"li1\">Gesti\u00f3n de impacto con las comunidades del sitio del proyecto y mitigaci\u00f3n de conflictos<\/li>\n<li class=\"li1\">Gesti\u00f3n de Seguros de toda \u00edndole sobre t\u00edtulos de propiedad, proyectos en desarrollo, construcciones finalizadas e inmuebles rurales<\/li>\n<li class=\"li1\">Gesti\u00f3n de todas las formas de Transferencia sobre inmuebles<\/li>\n<li class=\"li1\">Gesti\u00f3n de todo tipo de Grav\u00e1menes sobre inmuebles<\/li>\n<li class=\"li1\">Taxes<\/li>\n<li class=\"li1\">Inscripciones en los Registros Respectivos<\/li>\n<li class=\"li1\">Obtenci\u00f3n de Concesi\u00f3n, aprovechamiento y explotaci\u00f3n de las zonas interiores, costeras y lecho marino del pa\u00eds<\/li>\n<li class=\"li1\">Obtenci\u00f3n de Permisos Ambientales<\/li>\n<li class=\"li1\">Representaci\u00f3n en Litigios administrativos y judiciales en materia ambiental<\/li>\n<li class=\"li1\">Seguridad y Salud Ocupacional en los sitios del proyecto y en sus futuras construcciones<\/li>\n<li class=\"li1\">Verificaci\u00f3n de estatus y tracto sucesivo de transacciones respecto a la titularidad de propiedades en los Registros Respectivos<\/li>\n<li class=\"li1\">Viabilidad y factibilidad de proyectos en las zonas interiores, zonas costeras, y lecho marino del pa\u00eds<\/li>\n<li class=\"li1\">Zonificaci\u00f3n y los respectivos permisos<\/li>\n<\/ul>\n<p>[\/et_pb_text][\/et_pb_column][\/et_pb_row][\/et_pb_section]<\/p>\n","protected":false},"excerpt":{"rendered":"<p>REAL ESTATE AND ENVIRONMENTCONSIGLI has advised different clients in the creation, acquisition or leasing of different types of real estate and real estate projects in the Salvadoran market. The advice provided remains at the forefront with new opportunities through new laws that facilitate the financing of real estate projects.Our services : Aseguramiento de viviendas y [&hellip;]<\/p>\n","protected":false},"author":1,"featured_media":0,"parent":0,"menu_order":0,"comment_status":"closed","ping_status":"closed","template":"","meta":{"_et_pb_use_builder":"on","_et_pb_old_content":"","_et_gb_content_width":"","_monsterinsights_skip_tracking":false,"_monsterinsights_sitenote_active":false,"_monsterinsights_sitenote_note":"","_monsterinsights_sitenote_category":0,"footnotes":""},"class_list":["post-223007","page","type-page","status-publish","hentry"],"yoast_head":"<!-- This site is optimized with the Yoast SEO Premium plugin v23.9 (Yoast SEO v23.9) - https:\/\/yoast.com\/wordpress\/plugins\/seo\/ -->\n<title>REAL ESTATE AND ENVIRONMENT - CONSIGLI<\/title>\n<meta name=\"robots\" content=\"index, follow, max-snippet:-1, max-image-preview:large, max-video-preview:-1\" \/>\n<link rel=\"canonical\" href=\"https:\/\/consigli.company\/en\/real-estate-and-environment\/\" \/>\n<meta property=\"og:locale\" content=\"en_US\" \/>\n<meta property=\"og:type\" content=\"article\" \/>\n<meta property=\"og:title\" content=\"REAL ESTATE AND ENVIRONMENT\" \/>\n<meta property=\"og:description\" content=\"REAL ESTATE AND ENVIRONMENTCONSIGLI has advised different clients in the creation, acquisition or leasing of different types of real estate and real estate projects in the Salvadoran market. The advice provided remains at the forefront with new opportunities through new laws that facilitate the financing of real estate projects.Our services : Aseguramiento de viviendas y [&hellip;]\" \/>\n<meta property=\"og:url\" content=\"https:\/\/consigli.company\/en\/real-estate-and-environment\/\" \/>\n<meta property=\"og:site_name\" content=\"CONSIGLI\" \/>\n<meta property=\"article:modified_time\" content=\"2024-07-17T17:24:46+00:00\" \/>\n<meta name=\"twitter:card\" content=\"summary_large_image\" \/>\n<meta name=\"twitter:label1\" content=\"Est. reading time\" \/>\n\t<meta name=\"twitter:data1\" content=\"3 minutes\" \/>\n<script type=\"application\/ld+json\" class=\"yoast-schema-graph\">{\"@context\":\"https:\/\/schema.org\",\"@graph\":[{\"@type\":\"WebPage\",\"@id\":\"https:\/\/consigli.company\/en\/real-estate-and-environment\/\",\"url\":\"https:\/\/consigli.company\/en\/real-estate-and-environment\/\",\"name\":\"REAL ESTATE AND ENVIRONMENT - CONSIGLI\",\"isPartOf\":{\"@id\":\"https:\/\/consigli.company\/en\/#website\"},\"datePublished\":\"2024-06-30T20:03:01+00:00\",\"dateModified\":\"2024-07-17T17:24:46+00:00\",\"breadcrumb\":{\"@id\":\"https:\/\/consigli.company\/en\/real-estate-and-environment\/#breadcrumb\"},\"inLanguage\":\"en-US\",\"potentialAction\":[{\"@type\":\"ReadAction\",\"target\":[\"https:\/\/consigli.company\/en\/real-estate-and-environment\/\"]}]},{\"@type\":\"BreadcrumbList\",\"@id\":\"https:\/\/consigli.company\/en\/real-estate-and-environment\/#breadcrumb\",\"itemListElement\":[{\"@type\":\"ListItem\",\"position\":1,\"name\":\"Home\",\"item\":\"https:\/\/consigli.company\/en\/\"},{\"@type\":\"ListItem\",\"position\":2,\"name\":\"REAL ESTATE AND ENVIRONMENT\"}]},{\"@type\":\"WebSite\",\"@id\":\"https:\/\/consigli.company\/en\/#website\",\"url\":\"https:\/\/consigli.company\/en\/\",\"name\":\"CONSIGLI\",\"description\":\"COMPANY\",\"potentialAction\":[{\"@type\":\"SearchAction\",\"target\":{\"@type\":\"EntryPoint\",\"urlTemplate\":\"https:\/\/consigli.company\/en\/?s={search_term_string}\"},\"query-input\":{\"@type\":\"PropertyValueSpecification\",\"valueRequired\":true,\"valueName\":\"search_term_string\"}}],\"inLanguage\":\"en-US\"}]}<\/script>\n<!-- \/ Yoast SEO Premium plugin. -->","yoast_head_json":{"title":"REAL ESTATE AND ENVIRONMENT - CONSIGLI","robots":{"index":"index","follow":"follow","max-snippet":"max-snippet:-1","max-image-preview":"max-image-preview:large","max-video-preview":"max-video-preview:-1"},"canonical":"https:\/\/consigli.company\/en\/real-estate-and-environment\/","og_locale":"en_US","og_type":"article","og_title":"REAL ESTATE AND ENVIRONMENT","og_description":"REAL ESTATE AND ENVIRONMENTCONSIGLI has advised different clients in the creation, acquisition or leasing of different types of real estate and real estate projects in the Salvadoran market. The advice provided remains at the forefront with new opportunities through new laws that facilitate the financing of real estate projects.Our services : Aseguramiento de viviendas y [&hellip;]","og_url":"https:\/\/consigli.company\/en\/real-estate-and-environment\/","og_site_name":"CONSIGLI","article_modified_time":"2024-07-17T17:24:46+00:00","twitter_card":"summary_large_image","twitter_misc":{"Est. reading time":"3 minutes"},"schema":{"@context":"https:\/\/schema.org","@graph":[{"@type":"WebPage","@id":"https:\/\/consigli.company\/en\/real-estate-and-environment\/","url":"https:\/\/consigli.company\/en\/real-estate-and-environment\/","name":"REAL ESTATE AND ENVIRONMENT - CONSIGLI","isPartOf":{"@id":"https:\/\/consigli.company\/en\/#website"},"datePublished":"2024-06-30T20:03:01+00:00","dateModified":"2024-07-17T17:24:46+00:00","breadcrumb":{"@id":"https:\/\/consigli.company\/en\/real-estate-and-environment\/#breadcrumb"},"inLanguage":"en-US","potentialAction":[{"@type":"ReadAction","target":["https:\/\/consigli.company\/en\/real-estate-and-environment\/"]}]},{"@type":"BreadcrumbList","@id":"https:\/\/consigli.company\/en\/real-estate-and-environment\/#breadcrumb","itemListElement":[{"@type":"ListItem","position":1,"name":"Home","item":"https:\/\/consigli.company\/en\/"},{"@type":"ListItem","position":2,"name":"REAL ESTATE AND ENVIRONMENT"}]},{"@type":"WebSite","@id":"https:\/\/consigli.company\/en\/#website","url":"https:\/\/consigli.company\/en\/","name":"CONSIGLI","description":"COMPANY","potentialAction":[{"@type":"SearchAction","target":{"@type":"EntryPoint","urlTemplate":"https:\/\/consigli.company\/en\/?s={search_term_string}"},"query-input":{"@type":"PropertyValueSpecification","valueRequired":true,"valueName":"search_term_string"}}],"inLanguage":"en-US"}]}},"_links":{"self":[{"href":"https:\/\/consigli.company\/en\/wp-json\/wp\/v2\/pages\/223007","targetHints":{"allow":["GET"]}}],"collection":[{"href":"https:\/\/consigli.company\/en\/wp-json\/wp\/v2\/pages"}],"about":[{"href":"https:\/\/consigli.company\/en\/wp-json\/wp\/v2\/types\/page"}],"author":[{"embeddable":true,"href":"https:\/\/consigli.company\/en\/wp-json\/wp\/v2\/users\/1"}],"replies":[{"embeddable":true,"href":"https:\/\/consigli.company\/en\/wp-json\/wp\/v2\/comments?post=223007"}],"version-history":[{"count":0,"href":"https:\/\/consigli.company\/en\/wp-json\/wp\/v2\/pages\/223007\/revisions"}],"wp:attachment":[{"href":"https:\/\/consigli.company\/en\/wp-json\/wp\/v2\/media?parent=223007"}],"curies":[{"name":"wp","href":"https:\/\/api.w.org\/{rel}","templated":true}]}}